{"id":418,"date":"2017-05-04T13:17:44","date_gmt":"2017-05-04T10:17:44","guid":{"rendered":"http:\/\/tkpz.com.ua\/?page_id=418"},"modified":"2017-05-04T13:17:44","modified_gmt":"2017-05-04T10:17:44","slug":"kolo","status":"publish","type":"page","link":"https:\/\/new.tkpz.com.ua\/index.php\/kolo\/","title":{"rendered":""},"content":{"rendered":"<h1>Ko\u0142o Lekarskie przy TKPZ im. Gniewy Wo\u0142osiewicz<br \/>\nprezes Prof. Aleksander Pu\u0142yk.<\/h1>\n","protected":false},"excerpt":{"rendered":"<p>Ko\u0142o Lekarskie przy TKPZ im. Gniewy Wo\u0142osiewicz prezes Prof. Aleksander Pu\u0142yk.<\/p>\n","protected":false},"author":1,"featured_media":0,"parent":0,"menu_order":0,"comment_status":"closed","ping_status":"closed","template":"","meta":{"footnotes":""},"class_list":["post-418","page","type-page","status-publish","hentry"],"_links":{"self":[{"href":"https:\/\/new.tkpz.com.ua\/index.php\/wp-json\/wp\/v2\/pages\/418","targetHints":{"allow":["GET"]}}],"collection":[{"href":"https:\/\/new.tkpz.com.ua\/index.php\/wp-json\/wp\/v2\/pages"}],"about":[{"href":"https:\/\/new.tkpz.com.ua\/index.php\/wp-json\/wp\/v2\/types\/page"}],"author":[{"embeddable":true,"href":"https:\/\/new.tkpz.com.ua\/index.php\/wp-json\/wp\/v2\/users\/1"}],"replies":[{"embeddable":true,"href":"https:\/\/new.tkpz.com.ua\/index.php\/wp-json\/wp\/v2\/comments?post=418"}],"version-history":[{"count":0,"href":"https:\/\/new.tkpz.com.ua\/index.php\/wp-json\/wp\/v2\/pages\/418\/revisions"}],"wp:attachment":[{"href":"https:\/\/new.tkpz.com.ua\/index.php\/wp-json\/wp\/v2\/media?parent=418"}],"curies":[{"name":"wp","href":"https:\/\/api.w.org\/{rel}","templated":true}]}}