{"id":414,"date":"2017-05-04T12:24:48","date_gmt":"2017-05-04T09:24:48","guid":{"rendered":"http:\/\/tkpz.com.ua\/?page_id=414"},"modified":"2017-05-04T12:24:48","modified_gmt":"2017-05-04T09:24:48","slug":"szkola","status":"publish","type":"page","link":"https:\/\/new.tkpz.com.ua\/index.php\/szkola\/","title":{"rendered":""},"content":{"rendered":"<h1><strong>Szko\u0142a Polska Sobotnio-Niedzielna im. ks prof. J.Tischnera w U\u017cgorodzie<\/strong><br \/>\nkierownik P. Tetiana Pu\u0142yk<\/h1>\n<p>Razem z Fundacj\u0105 \u00abWolno\u015b\u0107 i Demokracja\u00bb<\/p>\n<p>88000 U\u017cgorod<br \/>\nNabrzerze Kijowskie 16<br \/>\ntel.: (+38) 050- 611-30-42<\/p>\n<p style=\"text-align: right;\"><em>\u201eMysli wyszukane\u201d<\/em><br \/>\nKs prof. J\u00f3zef Tischner<\/p>\n<p style=\"text-align: left;\">Wychowuj\u0105 jedynie Ci, kt\u00f3rzy maj\u0105 nadziej\u0119. Tropem wyzwolenia musi sta\u0107 si\u0119 idea wyzwolenia. Wolno\u015b\u0107 musi jawi\u0107 si\u0119 jako ro\u015blina, kt\u00f3ra powoli wydobywa si\u0119 z ziemi, kwitnie, owocuje.<\/p>\n<p style=\"text-align: left;\"><a href=\"https:\/\/new.tkpz.com.ua\/pl\/szkola\/nagrobie\/\" rel=\"attachment wp-att-472\"><img loading=\"lazy\" decoding=\"async\" class=\"size-medium wp-image-472 aligncenter\" src=\"https:\/\/new.tkpz.com.ua\/wp-content\/uploads\/2017\/05\/nagrobie-300x198.png\" alt=\"\" width=\"300\" height=\"198\" srcset=\"https:\/\/new.tkpz.com.ua\/wp-content\/uploads\/2017\/05\/nagrobie-300x198.png 300w, https:\/\/new.tkpz.com.ua\/wp-content\/uploads\/2017\/05\/nagrobie-1024x675.png 1024w, https:\/\/new.tkpz.com.ua\/wp-content\/uploads\/2017\/05\/nagrobie-768x507.png 768w, https:\/\/new.tkpz.com.ua\/wp-content\/uploads\/2017\/05\/nagrobie-1536x1013.png 1536w, https:\/\/new.tkpz.com.ua\/wp-content\/uploads\/2017\/05\/nagrobie.png 1704w\" sizes=\"auto, (max-width: 300px) 100vw, 300px\" \/><\/a><\/p>\n<p><!--more--><\/p>\n<h6 style=\"text-align: center;\">Uczniowie Sko\u0142y Polskiej w U\u017cgorodzie na grobie ks. prof. J. Tischnera w \u0141opusznej<\/h6>\n<div class=\"page\" title=\"Page 7\">\n<div class=\"layoutArea\">\n<div class=\"column\">\n<h1 style=\"text-align: center;\"><\/h1>\n<h1 style=\"text-align: center;\"><strong>Nasza Szko\u0142a<\/strong><\/h1>\n<p>Polska Szko\u0142a Sobotnio-Niedzielna im. ks. prof. J.Tischnera w U\u017cgorodzie istnieje od 1999 r. Powsta\u0142a ona przy Towarzystwie Kultury Polskiej Zakarpacia (prezes Halina Wakarowa), kt\u00f3re zosta\u0142o za\u0142o\u017cone z inicjatywy kilka lekarzy polskiego pochodzenia. Podczas cotygodniowych spotka\u0144 grupy starano si\u0119 m\u00f3wic po polsku. Wkr\u00f3tce pomy\u015blano te\u017c o lekcjach j\u0119zyka poskiego.<\/p>\n<\/div>\n<p><a href=\"https:\/\/new.tkpz.com.ua\/pl\/szkola\/kluchi\/\" rel=\"attachment wp-att-471\"><img loading=\"lazy\" decoding=\"async\" class=\"size-medium wp-image-471 aligncenter\" src=\"https:\/\/new.tkpz.com.ua\/wp-content\/uploads\/2017\/05\/kluchi-212x300.png\" alt=\"\" width=\"212\" height=\"300\" srcset=\"https:\/\/new.tkpz.com.ua\/wp-content\/uploads\/2017\/05\/kluchi-212x300.png 212w, https:\/\/new.tkpz.com.ua\/wp-content\/uploads\/2017\/05\/kluchi.png 704w\" sizes=\"auto, (max-width: 212px) 100vw, 212px\" \/><\/a><\/p>\n<div class=\"column\">\n<h6 style=\"text-align: center;\">Dyrektor Szko\u0142y nr 5 w U\u017cgorodzie p.Petro Kindiuch w obecno\u015bci Konsula Generalnego ze Lwowa p. Winsentego D\u0119bickiego przekazuje klucze dyrektorce Szko\u0142y Polskiej p. Tatianie Pu\u0142yk.<\/h6>\n<\/div>\n<div class=\"page\" title=\"Page 8\">\n<div class=\"layoutArea\">\n<div class=\"column\">\n<p>Obecnie w szkole uczy si\u0119 oko\u0142o osiemdziesi\u0119ciu uczni\u00f3w: dzieci, m\u0142odzie\u017cy i doroslych.<\/p>\n<div class=\"page\" title=\"Page 8\"><a href=\"https:\/\/new.tkpz.com.ua\/pl\/szkola\/szkola-2\/\" rel=\"attachment wp-att-473\"><img loading=\"lazy\" decoding=\"async\" class=\"size-medium wp-image-473 aligncenter\" src=\"https:\/\/new.tkpz.com.ua\/wp-content\/uploads\/2017\/05\/szkola-300x204.png\" alt=\"\" width=\"300\" height=\"204\" srcset=\"https:\/\/new.tkpz.com.ua\/wp-content\/uploads\/2017\/05\/szkola-300x204.png 300w, https:\/\/new.tkpz.com.ua\/wp-content\/uploads\/2017\/05\/szkola-1024x696.png 1024w, https:\/\/new.tkpz.com.ua\/wp-content\/uploads\/2017\/05\/szkola-768x522.png 768w, https:\/\/new.tkpz.com.ua\/wp-content\/uploads\/2017\/05\/szkola.png 1462w\" sizes=\"auto, (max-width: 300px) 100vw, 300px\" \/><\/a><\/div>\n<div class=\"page\" title=\"Page 8\"><\/div>\n<p>S\u0105 oni szczeg\u00f3lnie zainteresowani tym, co polskie. Poznaja j\u0119zyk polski, histori\u0119, kulture, geogra\uf001\u0119 kraju, kt\u00f3ry nie ka\u017cdy m\u00f3g\u0142 odwiedzi\u0107.<\/p>\n<\/div>\n<\/div>\n<\/div>\n<div class=\"page\" title=\"Page 9\">\n<div class=\"layoutArea\">\n<div class=\"column\">\n<p><a href=\"https:\/\/new.tkpz.com.ua\/pl\/szkola\/szkola2\/\" rel=\"attachment wp-att-474\"><img loading=\"lazy\" decoding=\"async\" class=\"size-medium wp-image-474 aligncenter\" src=\"https:\/\/new.tkpz.com.ua\/wp-content\/uploads\/2017\/05\/szkola2-300x201.png\" alt=\"\" width=\"300\" height=\"201\" srcset=\"https:\/\/new.tkpz.com.ua\/wp-content\/uploads\/2017\/05\/szkola2-300x201.png 300w, https:\/\/new.tkpz.com.ua\/wp-content\/uploads\/2017\/05\/szkola2-1024x684.png 1024w, https:\/\/new.tkpz.com.ua\/wp-content\/uploads\/2017\/05\/szkola2-768x513.png 768w, https:\/\/new.tkpz.com.ua\/wp-content\/uploads\/2017\/05\/szkola2.png 1502w\" sizes=\"auto, (max-width: 300px) 100vw, 300px\" \/><\/a><\/p>\n<p>Dla dzieci wszystko to jest nowosci\u0105, dla doroslych stanowi nostalgiczn\u0105 podr\u00f3\u017c do kraju dziecinstwa, przypomnienie rodzinnych tradycji i zwyczaj\u00f3w. Polska Szko\u0142a daje nadziej\u0119, \u017ce najm\u0142odsi, m\u00f3wi\u0105cy po ukrai\u0144sku, cho\u0107 troch\u0119 poczuj\u0105 si\u0119 Polakami.<\/p>\n<p>W kwietniu 2003 r. odby\u0142o si\u0119 nadanie Szkole Polskiej w U\u017cgorodzie imienia ks prof. J\u00f3zefa Tischnera.<\/p>\n<\/div>\n<\/div>\n<\/div>\n<div class=\"page\" title=\"Page 10\">\n<div class=\"layoutArea\">\n<div class=\"column\">\n<p><a href=\"https:\/\/new.tkpz.com.ua\/pl\/szkola\/szkola3\/\" rel=\"attachment wp-att-475\"><img loading=\"lazy\" decoding=\"async\" class=\"size-medium wp-image-475 aligncenter\" src=\"https:\/\/new.tkpz.com.ua\/wp-content\/uploads\/2017\/05\/szkola3-300x204.png\" alt=\"\" width=\"300\" height=\"204\" srcset=\"https:\/\/new.tkpz.com.ua\/wp-content\/uploads\/2017\/05\/szkola3-300x204.png 300w, https:\/\/new.tkpz.com.ua\/wp-content\/uploads\/2017\/05\/szkola3-1024x696.png 1024w, https:\/\/new.tkpz.com.ua\/wp-content\/uploads\/2017\/05\/szkola3-768x522.png 768w, https:\/\/new.tkpz.com.ua\/wp-content\/uploads\/2017\/05\/szkola3.png 1104w\" sizes=\"auto, (max-width: 300px) 100vw, 300px\" \/><\/a><a href=\"https:\/\/new.tkpz.com.ua\/pl\/szkola\/szkola4\/\" rel=\"attachment wp-att-476\"><img loading=\"lazy\" decoding=\"async\" class=\"size-medium wp-image-476 aligncenter\" src=\"https:\/\/new.tkpz.com.ua\/wp-content\/uploads\/2017\/05\/szkola4-300x199.png\" alt=\"\" width=\"300\" height=\"199\" srcset=\"https:\/\/new.tkpz.com.ua\/wp-content\/uploads\/2017\/05\/szkola4-300x199.png 300w, https:\/\/new.tkpz.com.ua\/wp-content\/uploads\/2017\/05\/szkola4-1024x678.png 1024w, https:\/\/new.tkpz.com.ua\/wp-content\/uploads\/2017\/05\/szkola4-768x508.png 768w, https:\/\/new.tkpz.com.ua\/wp-content\/uploads\/2017\/05\/szkola4.png 1100w\" sizes=\"auto, (max-width: 300px) 100vw, 300px\" \/><\/a><\/p>\n<p>W Szkole kultywuj\u0105 si\u0119 polskie tradycje, zw\u0142aszcza te zwi\u0105zane ze \u015bwi\u0119tami.<\/p>\n<p>&nbsp;<\/p>\n<p><a href=\"https:\/\/new.tkpz.com.ua\/pl\/szkola\/szkola5\/\" rel=\"attachment wp-att-477\"><img loading=\"lazy\" decoding=\"async\" class=\"size-medium wp-image-477 aligncenter\" src=\"https:\/\/new.tkpz.com.ua\/wp-content\/uploads\/2017\/05\/szkola5-300x208.png\" alt=\"\" width=\"300\" height=\"208\" srcset=\"https:\/\/new.tkpz.com.ua\/wp-content\/uploads\/2017\/05\/szkola5-300x208.png 300w, https:\/\/new.tkpz.com.ua\/wp-content\/uploads\/2017\/05\/szkola5-1024x708.png 1024w, https:\/\/new.tkpz.com.ua\/wp-content\/uploads\/2017\/05\/szkola5-768x531.png 768w, https:\/\/new.tkpz.com.ua\/wp-content\/uploads\/2017\/05\/szkola5.png 1090w\" sizes=\"auto, (max-width: 300px) 100vw, 300px\" \/><\/a><\/p>\n<p>W listopadzie uczniowie i nauczyciele spotykaj\u0105 si\u0119 na Andrzejkach, tu\u017c przed Bo\u017cym Narodzeniem dziel\u0105 si\u0119 oplatkiem, spiewaj\u0105 kol\u0119dy, jest te\u017c swi\u0119ty Miko\u0142aj, kt\u00f3ry rozdaje prezenty. Wielkim prze\u017cyciem jest dla wszystkich uczni\u00f3w szko\u0142y \u015bniadanie Wielkanocne, przesycone polskimi symbo\u0142ami.<\/p>\n<\/div>\n<\/div>\n<\/div>\n<div class=\"page\" title=\"Page 11\">\n<div class=\"layoutArea\">\n<div class=\"column\">\n<p>Pierwszym nauczycielem szko\u0142y w U\u017cgorodzie by\u0142 ks\u0105dz W\u0142odzimierz \u015awiderski, p.Marta Kowalewska, p.Jerzy Kowalewski, p.Anna G\u00f3rzy\u0144ska, p. Danuta P\u0119cherek po\u015bwi\u0119cili lata trudom pracy nauczycielskiej w U\u017cgorodzie na Ukrainie.<\/p>\n<p><a href=\"https:\/\/new.tkpz.com.ua\/pl\/szkola\/szkola6\/\" rel=\"attachment wp-att-478\"><img loading=\"lazy\" decoding=\"async\" class=\"size-medium wp-image-478 aligncenter\" src=\"https:\/\/new.tkpz.com.ua\/wp-content\/uploads\/2017\/05\/szkola6-300x205.png\" alt=\"\" width=\"300\" height=\"205\" srcset=\"https:\/\/new.tkpz.com.ua\/wp-content\/uploads\/2017\/05\/szkola6-300x205.png 300w, https:\/\/new.tkpz.com.ua\/wp-content\/uploads\/2017\/05\/szkola6.png 998w\" sizes=\"auto, (max-width: 300px) 100vw, 300px\" \/><\/a><\/p>\n<p><a href=\"https:\/\/new.tkpz.com.ua\/pl\/szkola\/szkola7\/\" rel=\"attachment wp-att-479\"><img loading=\"lazy\" decoding=\"async\" class=\"size-medium wp-image-479 aligncenter\" src=\"https:\/\/new.tkpz.com.ua\/wp-content\/uploads\/2017\/05\/szkola7-300x225.png\" alt=\"\" width=\"300\" height=\"225\" \/><\/a><\/p>\n<p>Szko\u0142a zrealizowa\u0142a du\u017cow sp\u00f3lnych projekt\u00f3w:<\/p>\n<ul>\n<li>2000r. \u201ePrzez turystyk\u0119 do porozumienia\u201d \u2013 Uzgorod \u2013 Sanok,<\/li>\n<li>2001 r. \u201eKarpaty nasz dom \u2013 nam w nim \u017cy\u0107\u201d \u2013 U\u017cgorod-Sanok,<\/li>\n<li>2003-2004 \u201eEuropa nasz wsp\u00f3lny dom\u201d \u2013 U\u017cgorod-G\u0142og\u00f3w MLP-Rzesz\u00f3w.<\/li>\n<\/ul>\n<p><a href=\"https:\/\/new.tkpz.com.ua\/pl\/szkola\/szkola8\/\" rel=\"attachment wp-att-480\"><img loading=\"lazy\" decoding=\"async\" class=\"size-medium wp-image-480 aligncenter\" src=\"https:\/\/new.tkpz.com.ua\/wp-content\/uploads\/2017\/05\/szkola8-300x202.png\" alt=\"\" width=\"300\" height=\"202\" \/><\/a><\/p>\n<p><img loading=\"lazy\" decoding=\"async\" class=\"size-medium wp-image-481 aligncenter\" src=\"https:\/\/new.tkpz.com.ua\/wp-content\/uploads\/2017\/05\/szkola9-300x203.png\" alt=\"\" width=\"300\" height=\"203\" \/><\/p>\n<\/div>\n<\/div>\n<\/div>\n<div class=\"page\" title=\"Page 12\">\n<div class=\"layoutArea\">\n<div class=\"column\">\n<p>Uroczysto\u015b\u0107 w \uf001lharmonii w U\u017cgorodzie. Dzieci zespo\u0142u \u201eG\u00f3ralska nuta\u201d.<\/p>\n<\/div>\n<\/div>\n<\/div>\n<div class=\"page\" title=\"Page 13\">\n<div class=\"layoutArea\">\n<div class=\"column\">\n<p>W 2005 r. Szko\u0142a otrzyma\u0142a wyr\u00f3\u017cnienie za organizacj\u0119 Wielkiego Finalu konkursu recytatorskiego, zorganizowanego przez Klub Z\u0142oczowski.<\/p>\n<p><a href=\"https:\/\/new.tkpz.com.ua\/pl\/szkola\/szkola11\/\" rel=\"attachment wp-att-483\"><img loading=\"lazy\" decoding=\"async\" class=\"size-medium wp-image-483 aligncenter\" src=\"https:\/\/new.tkpz.com.ua\/wp-content\/uploads\/2017\/05\/szkola11-226x300.png\" alt=\"\" width=\"226\" height=\"300\" \/><br \/>\n<\/a>W lipcu 2006 r. zesp\u00f3\u0142 szkolny \u201eG\u00f3ralska nuta\u201d (kierownik p. Olga Go\u0142odczak) otrzyma\u0142 wyr\u00f3\u017cnienie na XIII Jarmarku zespo\u0142\u00f3w folklorystycznych w Jaros\u0142awiu.<\/p>\n<p><a href=\"https:\/\/new.tkpz.com.ua\/pl\/szkola\/szkola12\/\" rel=\"attachment wp-att-484\"><img loading=\"lazy\" decoding=\"async\" class=\"size-medium wp-image-484 aligncenter\" src=\"https:\/\/new.tkpz.com.ua\/wp-content\/uploads\/2017\/05\/szkola12-300x178.png\" alt=\"\" width=\"300\" height=\"178\" \/><\/a><\/p>\n<p>W roku 2008 Szko\u0142a zrealizowa\u0142a projekt \u201ePoznajemy tradycje naszych s\u0105siad\u00f3w\u201d wsp\u00f3lnie z gimnazium nr 36 w Warszawie (dyrektor Maria Ro\u017cko-Makowska).<\/p>\n<\/div>\n<\/div>\n<\/div>\n<div class=\"page\" title=\"Page 14\">\n<div class=\"layoutArea\">\n<div class=\"column\">\n<p>Obecnie w szkole pracuj\u0105 p. Tatiana Pu\u0142yk, p. Raisa G\u00f3rnicka, p. Katarzyna Dykun, p. Aleksandra Horbacz, p. Karolina Lewczak.<\/p>\n<\/div>\n<\/div>\n<div class=\"layoutArea\">\n<div class=\"column\">\n<p><a href=\"https:\/\/new.tkpz.com.ua\/pl\/szkola\/szkola13\/\" rel=\"attachment wp-att-485\"><img loading=\"lazy\" decoding=\"async\" class=\"size-medium wp-image-485 aligncenter\" src=\"https:\/\/new.tkpz.com.ua\/wp-content\/uploads\/2017\/05\/szkola13-300x202.png\" alt=\"\" width=\"300\" height=\"202\" \/><\/a><\/p>\n<p><a href=\"https:\/\/new.tkpz.com.ua\/pl\/szkola\/szkola13\/\" rel=\"attachment wp-att-485\"><img loading=\"lazy\" decoding=\"async\" class=\"size-medium wp-image-486 aligncenter\" src=\"https:\/\/new.tkpz.com.ua\/wp-content\/uploads\/2017\/05\/szkola14-300x200.png\" alt=\"\" width=\"300\" height=\"200\" \/><\/a><\/p>\n<p><a href=\"https:\/\/new.tkpz.com.ua\/pl\/szkola\/szkola13\/\" rel=\"attachment wp-att-485\"><img loading=\"lazy\" decoding=\"async\" class=\"size-medium wp-image-493 aligncenter\" src=\"https:\/\/new.tkpz.com.ua\/wp-content\/uploads\/2017\/05\/szkola20-224x300.png\" alt=\"\" width=\"224\" height=\"300\" srcset=\"https:\/\/new.tkpz.com.ua\/wp-content\/uploads\/2017\/05\/szkola20-224x300.png 224w, https:\/\/new.tkpz.com.ua\/wp-content\/uploads\/2017\/05\/szkola20-763x1024.png 763w, https:\/\/new.tkpz.com.ua\/wp-content\/uploads\/2017\/05\/szkola20-768x1031.png 768w, https:\/\/new.tkpz.com.ua\/wp-content\/uploads\/2017\/05\/szkola20.png 994w\" sizes=\"auto, (max-width: 224px) 100vw, 224px\" \/><\/a><\/p>\n<\/div>\n<\/div>\n<\/div>\n<div class=\"page\" title=\"Page 15\">\n<div class=\"layoutArea\">\n<div class=\"column\">\n<p>Pomoc\u0105 w organizacji pracy szko\u0142y s\u0142u\u017cy Zjednoczenie Nauczycieli Polskich na Ukrainie \u2013 prezes p. Adam Ch\u0142opek. Zawsze mo\u017cemy liczy\u0107 na poparcie Konsulatu Generalnego RP we Lwowie. W tym roku staraniem konsula generalnego p. Wies\u0142awa Mazura Szko\u0142a otrzyma\u0142a nowe meble.<\/p>\n<p><a href=\"https:\/\/new.tkpz.com.ua\/pl\/szkola\/szkola19\/\" rel=\"attachment wp-att-491\"><img loading=\"lazy\" decoding=\"async\" class=\"size-medium wp-image-491 aligncenter\" src=\"https:\/\/new.tkpz.com.ua\/wp-content\/uploads\/2017\/05\/szkola19-248x300.png\" alt=\"\" width=\"248\" height=\"300\" \/><\/a><\/p>\n<p>W ramach wsp\u00f3\u0142pracy z Fundacj\u0105 \u201eWolno\u015b\u0107 i Demokracja\u201d w projekcie o\u015bwiatowym \u201eBia\u0142o-Czerwone ABC\u201d od roku 2014 mamy p\u0119\u0142n\u0105 pomoc w poznawaniu tradycji polskich, historii Polski i nauki j\u0119zyka polskiego. Dzi\u0119ki realizacji projektu dzieci i m\u0142odzie\u017c maj\u0105 mo\u017cliwo\u015b\u0107 pog\u0142\u0119bia\u0107 nabyte umiej\u0119tno\u015bci w zakresie obs\u0142ugi sprz\u0119tu multimedialnego, maj\u0105 du\u017co nowych podrecznik\u00f3w, zeszyt\u00f3w \u0107wicze\u0144. Dla nauczycieli natomiast jest to okazja do poznania nowych metod zeszyt\u00f3w \u0107wicze\u0144.<\/p>\n<\/div>\n<\/div>\n<\/div>\n<div class=\"page\" title=\"Page 16\">\n<div class=\"layoutArea\">\n<div class=\"column\">\n<p>Dla nauczycieli natomiast jest to okazja do poznania nowych metod pracy, organizacji szko\u0142y, doskonalenia j\u0119zykowych umiej\u0119tno\u015bci. Bardzo wa\u017cne jest do\uf001nansowanie pracy nauczyciela jezyka polskiego w tak trudne czasy na Ukrainie.<\/p>\n<p><a href=\"https:\/\/new.tkpz.com.ua\/pl\/szkola\/szkola15\/\" rel=\"attachment wp-att-487\"><img loading=\"lazy\" decoding=\"async\" class=\"size-medium wp-image-487 aligncenter\" src=\"https:\/\/new.tkpz.com.ua\/wp-content\/uploads\/2017\/05\/szkola15-300x199.png\" alt=\"\" width=\"300\" height=\"199\" \/><\/a><a href=\"https:\/\/new.tkpz.com.ua\/pl\/szkola\/szkola16\/\" rel=\"attachment wp-att-488\"><img loading=\"lazy\" decoding=\"async\" class=\"size-medium wp-image-488 aligncenter\" src=\"https:\/\/new.tkpz.com.ua\/wp-content\/uploads\/2017\/05\/szkola16-300x198.png\" alt=\"\" width=\"300\" height=\"198\" \/><\/a><\/p>\n<h6 style=\"text-align: center;\">Czytanie Narodowe z Prezydentem 2016 16<\/h6>\n<\/div>\n<\/div>\n<\/div>\n<div class=\"page\" title=\"Page 17\">\n<div class=\"layoutArea\">\n<div class=\"column\">\n<p><a href=\"https:\/\/new.tkpz.com.ua\/pl\/szkola\/szkola17\/\" rel=\"attachment wp-att-489\"><img loading=\"lazy\" decoding=\"async\" class=\"size-medium wp-image-489 aligncenter\" src=\"https:\/\/new.tkpz.com.ua\/wp-content\/uploads\/2017\/05\/szkola17-300x199.png\" alt=\"\" width=\"300\" height=\"199\" \/><\/a><\/p>\n<h6 style=\"text-align: center;\">Dzie\u0144 Konstytucji 3 Maja 2016<\/h6>\n<\/div>\n<\/div>\n<\/div>\n<div style=\"width: 0px;\" class=\"wp-video\"><video class=\"wp-video-shortcode\" id=\"video-414-1\" preload=\"metadata\" controls=\"controls\"><source type=\"video\/mp4\" src=\"https:\/\/new.tkpz.com.ua\/wp-content\/uploads\/2017\/05\/szkola2.mp4?_=1\" \/><source type=\"\" src=\"\" \/><a href=\"https:\/\/new.tkpz.com.ua\/wp-content\/uploads\/2017\/05\/szkola2.mp4\">https:\/\/new.tkpz.com.ua\/wp-content\/uploads\/2017\/05\/szkola2.mp4<\/a><\/video><\/div>\n<h6 style=\"text-align: center;\">Lekcja j\u0119zyka polskiego.<br \/>\nM\u0142odsza grupa. Prowadzi nauczycielka j\u0119zyka polskiego p Aleksandra Horbacz<\/h6>\n<\/div>\n<\/div>\n<div style=\"width: 0px;\" class=\"wp-video\"><video class=\"wp-video-shortcode\" id=\"video-414-2\" preload=\"metadata\" controls=\"controls\"><source type=\"video\/mp4\" src=\"https:\/\/new.tkpz.com.ua\/wp-content\/uploads\/2017\/05\/szkola2.mp4?_=2\" \/><source type=\"\" src=\"\" \/><a href=\"https:\/\/new.tkpz.com.ua\/wp-content\/uploads\/2017\/05\/szkola2.mp4\">https:\/\/new.tkpz.com.ua\/wp-content\/uploads\/2017\/05\/szkola2.mp4<\/a><\/video><\/div>\n<p style=\"text-align: center;\"><strong>Dzie\u0144 Niepodleg\u0142o\u015bci Polski prowadzi p. Karolina \u0141ewczak<\/strong><\/p>\n<div style=\"width: 0px;\" class=\"wp-video\"><video class=\"wp-video-shortcode\" id=\"video-414-3\" preload=\"metadata\" controls=\"controls\"><source type=\"video\/mp4\" src=\"https:\/\/new.tkpz.com.ua\/wp-content\/uploads\/2017\/05\/szkola2.mp4?_=3\" \/><source type=\"\" src=\"\" \/><a href=\"https:\/\/new.tkpz.com.ua\/wp-content\/uploads\/2017\/05\/szkola2.mp4\">https:\/\/new.tkpz.com.ua\/wp-content\/uploads\/2017\/05\/szkola2.mp4<\/a><\/video><\/div>\n<p style=\"text-align: center;\"><strong>lekcja j\u0119zyka polskiego temat: \u015awi\u0119to Niepodleg\u0142o\u015bci Polski. M\u0142odsza grupa. Prowadzi p. Ola Horbacz<\/strong><\/p>\n<div class=\"page\" title=\"Page 7\">\n<div class=\"layoutArea\">\n<div class=\"page\" title=\"Page 18\">\n<div class=\"layoutArea\">\n<div class=\"column\">\n<p style=\"text-align: right;\"><em>\u201ePotrzeba nam dzisiaj wiary, kt\u00f3ra g\u00f3ry przenosi, mo\u0142o\u015bci, kt\u00f3ra wszystkich jednoczy i nadziei, kt\u00f3ra nigdy nie zawodzi\u201d.<\/em><\/p>\n<p style=\"text-align: right;\">Kardyna\u0142 Stefan Wyszy\u0144ski<\/p>\n<p><a href=\"https:\/\/new.tkpz.com.ua\/pl\/szkola\/szkola18\/\" rel=\"attachment wp-att-490\"><img loading=\"lazy\" decoding=\"async\" class=\"size-medium wp-image-490 aligncenter\" src=\"https:\/\/new.tkpz.com.ua\/wp-content\/uploads\/2017\/05\/szkola18-238x300.png\" alt=\"\" width=\"238\" height=\"300\" \/><\/a><\/p>\n<\/div>\n<\/div>\n<\/div>\n<\/div>\n<\/div>\n<p>&nbsp;<\/p>\n<p>&nbsp;<\/p>\n","protected":false},"excerpt":{"rendered":"<p>Szko\u0142a Polska Sobotnio-Niedzielna im. ks prof. J.Tischnera w U\u017cgorodzie kierownik P. Tetiana Pu\u0142yk Razem z Fundacj\u0105 \u00abWolno\u015b\u0107 i Demokracja\u00bb 88000 U\u017cgorod Nabrzerze Kijowskie 16 tel.: (+38) 050- 611-30-42 \u201eMysli wyszukane\u201d Ks prof. J\u00f3zef Tischner Wychowuj\u0105 jedynie Ci, kt\u00f3rzy maj\u0105 nadziej\u0119. Tropem wyzwolenia musi sta\u0107 si\u0119 idea wyzwolenia. Wolno\u015b\u0107 musi jawi\u0107 si\u0119 jako ro\u015blina, kt\u00f3ra powoli [&hellip;]<\/p>\n","protected":false},"author":1,"featured_media":0,"parent":0,"menu_order":0,"comment_status":"closed","ping_status":"closed","template":"","meta":{"footnotes":""},"class_list":["post-414","page","type-page","status-publish","hentry"],"_links":{"self":[{"href":"https:\/\/new.tkpz.com.ua\/index.php\/wp-json\/wp\/v2\/pages\/414","targetHints":{"allow":["GET"]}}],"collection":[{"href":"https:\/\/new.tkpz.com.ua\/index.php\/wp-json\/wp\/v2\/pages"}],"about":[{"href":"https:\/\/new.tkpz.com.ua\/index.php\/wp-json\/wp\/v2\/types\/page"}],"author":[{"embeddable":true,"href":"https:\/\/new.tkpz.com.ua\/index.php\/wp-json\/wp\/v2\/users\/1"}],"replies":[{"embeddable":true,"href":"https:\/\/new.tkpz.com.ua\/index.php\/wp-json\/wp\/v2\/comments?post=414"}],"version-history":[{"count":0,"href":"https:\/\/new.tkpz.com.ua\/index.php\/wp-json\/wp\/v2\/pages\/414\/revisions"}],"wp:attachment":[{"href":"https:\/\/new.tkpz.com.ua\/index.php\/wp-json\/wp\/v2\/media?parent=414"}],"curies":[{"name":"wp","href":"https:\/\/api.w.org\/{rel}","templated":true}]}}