{"id":1121,"date":"2017-03-31T18:42:02","date_gmt":"2017-03-31T15:42:02","guid":{"rendered":"http:\/\/tkpz.com.ua\/?page_id=6"},"modified":"2017-03-31T18:42:02","modified_gmt":"2017-03-31T15:42:02","slug":"kontakty","status":"publish","type":"page","link":"https:\/\/new.tkpz.com.ua\/index.php\/kontakty\/","title":{"rendered":"Kontakt"},"content":{"rendered":"<p><img loading=\"lazy\" decoding=\"async\" class=\"size-full wp-image-142 alignleft\" src=\"https:\/\/new.tkpz.com.ua\/wp-content\/uploads\/2017\/03\/logo.png\" alt=\"\" width=\"250\" height=\"250\" srcset=\"https:\/\/new.tkpz.com.ua\/wp-content\/uploads\/2017\/03\/logo.png 250w, https:\/\/new.tkpz.com.ua\/wp-content\/uploads\/2017\/03\/logo-150x150.png 150w\" sizes=\"auto, (max-width: 250px) 100vw, 250px\" \/>Towarzystwo Kultury Polskiej Zakarpacia im.\u00a0Gniewy Wo\u0142osiewicz<\/p>\n<p>Prezes: Teresa Pro\u0107<\/p>\n<p>ul. Gojdy 8<br \/>\n88 000 U\u017cgorod<\/p>\n<p>tel: +380 67 354 21 90<br \/>\nemail: info(ma\u0142pa)new.tkpz.com.ua\/<\/p>\n","protected":false},"excerpt":{"rendered":"<p>Towarzystwo Kultury Polskiej Zakarpacia im.\u00a0Gniewy Wo\u0142osiewicz Prezes: Teresa Pro\u0107 ul. Gojdy 8 88 000 U\u017cgorod tel: +380 67 354 21 90 email: info(ma\u0142pa)new.tkpz.com.ua\/<\/p>\n","protected":false},"author":1,"featured_media":0,"parent":0,"menu_order":0,"comment_status":"closed","ping_status":"closed","template":"","meta":{"footnotes":""},"class_list":["post-1121","page","type-page","status-publish","hentry"],"_links":{"self":[{"href":"https:\/\/new.tkpz.com.ua\/index.php\/wp-json\/wp\/v2\/pages\/1121","targetHints":{"allow":["GET"]}}],"collection":[{"href":"https:\/\/new.tkpz.com.ua\/index.php\/wp-json\/wp\/v2\/pages"}],"about":[{"href":"https:\/\/new.tkpz.com.ua\/index.php\/wp-json\/wp\/v2\/types\/page"}],"author":[{"embeddable":true,"href":"https:\/\/new.tkpz.com.ua\/index.php\/wp-json\/wp\/v2\/users\/1"}],"replies":[{"embeddable":true,"href":"https:\/\/new.tkpz.com.ua\/index.php\/wp-json\/wp\/v2\/comments?post=1121"}],"version-history":[{"count":0,"href":"https:\/\/new.tkpz.com.ua\/index.php\/wp-json\/wp\/v2\/pages\/1121\/revisions"}],"wp:attachment":[{"href":"https:\/\/new.tkpz.com.ua\/index.php\/wp-json\/wp\/v2\/media?parent=1121"}],"curies":[{"name":"wp","href":"https:\/\/api.w.org\/{rel}","templated":true}]}}